{"id":1799,"date":"2021-12-15T03:51:07","date_gmt":"2021-12-15T03:51:07","guid":{"rendered":"https:\/\/www.devsnews.com\/wp\/educal\/?page_id=1799"},"modified":"2024-05-13T05:59:20","modified_gmt":"2024-05-13T04:59:20","slug":"event","status":"publish","type":"page","link":"https:\/\/igp.al\/en\/event\/","title":{"rendered":"Projects"},"content":{"rendered":"<div data-elementor-type=\"wp-page\" data-elementor-id=\"1799\" class=\"elementor elementor-1799\">\n\t\t\t\t<div class=\"elementor-element elementor-element-c792403 e-flex e-con-boxed e-con e-parent\" data-id=\"c792403\" data-element_type=\"container\">\n\t\t\t\t\t<div class=\"e-con-inner\">\n\t\t<div class=\"elementor-element elementor-element-20102f6 e-con-full e-flex e-con e-child\" data-id=\"20102f6\" data-element_type=\"container\">\n\t\t\t\t<div class=\"elementor-element elementor-element-3760dee elementor-widget__width-initial elementor-widget elementor-widget-image\" data-id=\"3760dee\" data-element_type=\"widget\" data-widget_type=\"image.default\">\n\t\t\t\t<div class=\"elementor-widget-container\">\n\t\t\t\t\t\t\t\t\t\t\t\t\t<img decoding=\"async\" src=\"https:\/\/igp.al\/wp-content\/uploads\/elementor\/thumbs\/isometric-csr-concept-illustrated_23-2148915940-1-e1715574799561-rgwxyaf38fgrrdkddlzc26nt0e1ubbj2enzoqd43k0.avif\" title=\"isometric-csr-concept-illustrated_23-2148915940 (1)\" alt=\"isometric-csr-concept-illustrated_23-2148915940 (1)\" loading=\"lazy\" \/>\t\t\t\t\t\t\t\t\t\t\t\t\t<\/div>\n\t\t\t\t<\/div>\n\t\t\t\t<\/div>\n\t\t<div class=\"elementor-element elementor-element-3123bda e-con-full e-flex e-con e-child\" data-id=\"3123bda\" data-element_type=\"container\">\n\t\t\t\t<div class=\"elementor-element elementor-element-5842273 elementor-widget__width-initial elementor-widget elementor-widget-heading bdevs-el heading\" data-id=\"5842273\" data-element_type=\"widget\" data-settings=\"{&quot;design_style&quot;:&quot;style_1&quot;}\" data-widget_type=\"heading.default\">\n\t\t\t\t<div class=\"elementor-widget-container\">\n\t\t\t                            <div class=\"section__title-wrapper bdevs-el-content\">\r\n                                <h2 class=\"section-title bdevs-el-title  bdevs-el-btn section__title\">Circular Economy<\/h2>                                    <p>The company administrator has just completed the study of the main actors in the field of circular\neconomy with emphasis on waste, as part of a project carried out by Humboldt University through\nthe Center for Rural Development (SLE), and supported by the German Ministry of Economic\nCooperation and Development and the German Agency GIZ. He has led a study group of young\nspecialists (4 Germans and 3 Albanians) developing a first preparatory phase in Germany and an\nintensive 3-month phase in Albania. The publication will be released soon.<\/p>\r\n                            <\/div>\r\n        \r\n    \r\n        \t\t<\/div>\n\t\t\t\t<\/div>\n\t\t\t\t<\/div>\n\t\t\t\t\t<\/div>\n\t\t\t\t<\/div>\n\t\t<div class=\"elementor-element elementor-element-f68e7a9 e-flex e-con-boxed e-con e-parent\" data-id=\"f68e7a9\" data-element_type=\"container\">\n\t\t\t\t\t<div class=\"e-con-inner\">\n\t\t<div class=\"elementor-element elementor-element-5aef477 e-con-full e-flex e-con e-child\" data-id=\"5aef477\" data-element_type=\"container\">\n\t\t\t\t<div class=\"elementor-element elementor-element-f026dcb elementor-widget__width-initial elementor-widget elementor-widget-image\" data-id=\"f026dcb\" data-element_type=\"widget\" data-widget_type=\"image.default\">\n\t\t\t\t<div class=\"elementor-widget-container\">\n\t\t\t\t\t\t\t\t\t\t\t\t\t<img decoding=\"async\" src=\"https:\/\/igp.al\/wp-content\/uploads\/elementor\/thumbs\/ecosystem-concept-illustration_114360-6125-rgwxyaf38fhc7ywnponslahte8i1l7i905hirbn1ts.jpg\" title=\"ecosystem-concept-illustration_114360-6125\" alt=\"ecosystem-concept-illustration_114360-6125\" loading=\"lazy\" \/>\t\t\t\t\t\t\t\t\t\t\t\t\t<\/div>\n\t\t\t\t<\/div>\n\t\t\t\t<\/div>\n\t\t<div class=\"elementor-element elementor-element-528a5bf e-con-full e-flex e-con e-child\" data-id=\"528a5bf\" data-element_type=\"container\">\n\t\t\t\t<div class=\"elementor-element elementor-element-f6800ea elementor-widget__width-initial elementor-widget elementor-widget-heading bdevs-el heading\" data-id=\"f6800ea\" data-element_type=\"widget\" data-settings=\"{&quot;design_style&quot;:&quot;style_1&quot;}\" data-widget_type=\"heading.default\">\n\t\t\t\t<div class=\"elementor-widget-container\">\n\t\t\t                            <div class=\"section__title-wrapper bdevs-el-content\">\r\n                                <h2 class=\"section-title bdevs-el-title  bdevs-el-btn section__title\">Biodiversity<\/h2>                                    <p>The iGP company is implementing a research project (2023-2025) in collaboration with the\nFaculty of Forestry Sciences at the Agricultural University of Tirana, which is carrying out the\nplanting of forest plant seeds with the drone methodology. The study will serve in the future for the\nintroduction of this method in afforestation in our country, increasing the efficiency of planting and\nthe results in afforestation.<\/p>\r\n                            <\/div>\r\n        \r\n    \r\n        \t\t<\/div>\n\t\t\t\t<\/div>\n\t\t\t\t<\/div>\n\t\t\t\t\t<\/div>\n\t\t\t\t<\/div>\n\t\t<div class=\"elementor-element elementor-element-93bc84b e-flex e-con-boxed e-con e-parent\" data-id=\"93bc84b\" data-element_type=\"container\">\n\t\t\t\t\t<div class=\"e-con-inner\">\n\t\t<div class=\"elementor-element elementor-element-34cb65c e-con-full e-flex e-con e-child\" data-id=\"34cb65c\" data-element_type=\"container\">\n\t\t\t\t<div class=\"elementor-element elementor-element-aea7381 elementor-widget__width-initial elementor-widget elementor-widget-image\" data-id=\"aea7381\" data-element_type=\"widget\" data-widget_type=\"image.default\">\n\t\t\t\t<div class=\"elementor-widget-container\">\n\t\t\t\t\t\t\t\t\t\t\t\t\t<img decoding=\"async\" src=\"https:\/\/igp.al\/wp-content\/uploads\/elementor\/thumbs\/collab-concept-illustration_114360-3960-rgwxyaf38fh4nfho7jcl19fpnih37tvifynit4mio0.jpg\" title=\"collab-concept-illustration_114360-3960\" alt=\"collab-concept-illustration_114360-3960\" loading=\"lazy\" \/>\t\t\t\t\t\t\t\t\t\t\t\t\t<\/div>\n\t\t\t\t<\/div>\n\t\t\t\t<\/div>\n\t\t<div class=\"elementor-element elementor-element-67f63bf e-con-full e-flex e-con e-child\" data-id=\"67f63bf\" data-element_type=\"container\">\n\t\t\t\t<div class=\"elementor-element elementor-element-1dd8526 elementor-widget__width-initial elementor-widget elementor-widget-heading bdevs-el heading\" data-id=\"1dd8526\" data-element_type=\"widget\" data-settings=\"{&quot;design_style&quot;:&quot;style_1&quot;}\" data-widget_type=\"heading.default\">\n\t\t\t\t<div class=\"elementor-widget-container\">\n\t\t\t                            <div class=\"section__title-wrapper bdevs-el-content\">\r\n                                <h2 class=\"section-title bdevs-el-title  bdevs-el-btn section__title\">Project Management<\/h2>                                    <p>The iGP staff and its collaborators possess a high level in the development and implementation of\nprojects in various fields. For this, it has been accredited as a winner by the State Agency for\nStrategic Programming and Aid Coordination (SASPAC) to be part of the list of organizations with\nthe ability to support state institutions in the design and implementation of projects. The company\nis also preparing an online training for the financial management of projects.<\/p>\r\n                            <\/div>\r\n        \r\n    \r\n        \t\t<\/div>\n\t\t\t\t<\/div>\n\t\t\t\t<\/div>\n\t\t\t\t\t<\/div>\n\t\t\t\t<\/div>\n\t\t<div class=\"elementor-element elementor-element-42442ae e-flex e-con-boxed e-con e-parent\" data-id=\"42442ae\" data-element_type=\"container\">\n\t\t\t\t\t<div class=\"e-con-inner\">\n\t\t\t\t<div class=\"elementor-element elementor-element-923e581 elementor-widget__width-initial elementor-widget elementor-widget-heading bdevs-el heading\" data-id=\"923e581\" data-element_type=\"widget\" data-settings=\"{&quot;design_style&quot;:&quot;style_1&quot;}\" data-widget_type=\"heading.default\">\n\t\t\t\t<div class=\"elementor-widget-container\">\n\t\t\t                            <div class=\"section__title-wrapper bdevs-el-content\">\r\n                                <h2 class=\"section-title bdevs-el-title  bdevs-el-btn section__title\">Activities<\/h2>                            <\/div>\r\n        \r\n    \r\n        \t\t<\/div>\n\t\t\t\t<\/div>\n\t\t\t\t\t<\/div>\n\t\t\t\t<\/div>\n\t\t<div class=\"elementor-element elementor-element-0af3945 e-flex e-con-boxed e-con e-parent\" data-id=\"0af3945\" data-element_type=\"container\">\n\t\t\t\t\t<div class=\"e-con-inner\">\n\t\t<div class=\"elementor-element elementor-element-ad14502 e-flex e-con-boxed e-con e-child\" data-id=\"ad14502\" data-element_type=\"container\">\n\t\t\t\t\t<div class=\"e-con-inner\">\n\t\t\t\t<div class=\"elementor-element elementor-element-907df06 elementor-widget__width-initial elementor-widget elementor-widget-heading bdevs-el heading\" data-id=\"907df06\" data-element_type=\"widget\" data-settings=\"{&quot;design_style&quot;:&quot;style_1&quot;}\" data-widget_type=\"heading.default\">\n\t\t\t\t<div class=\"elementor-widget-container\">\n\t\t\t                            <div class=\"section__title-wrapper bdevs-el-content\">\r\n                                <h2 class=\"section-title bdevs-el-title  bdevs-el-btn section__title\"> <\/h2>                                    <p>\u2022 <span>Participation in meetings with representatives of the EU and AKKSHI for potential cooperation\nbetween the research institutions and private business sector.<\/p>\r\n                            <\/div>\r\n        \r\n    \r\n        \t\t<\/div>\n\t\t\t\t<\/div>\n\t\t\t\t<div class=\"elementor-element elementor-element-52f1e6d elementor-widget__width-initial elementor-widget elementor-widget-heading bdevs-el heading\" data-id=\"52f1e6d\" data-element_type=\"widget\" data-settings=\"{&quot;design_style&quot;:&quot;style_1&quot;}\" data-widget_type=\"heading.default\">\n\t\t\t\t<div class=\"elementor-widget-container\">\n\t\t\t                            <div class=\"section__title-wrapper bdevs-el-content\">\r\n                                <h2 class=\"section-title bdevs-el-title  bdevs-el-btn section__title\"> <\/h2>                                    <p>\u2022 Participation in the opening of the AKKSHI application for the year 2024-2025.\n<\/p>\r\n                            <\/div>\r\n        \r\n    \r\n        \t\t<\/div>\n\t\t\t\t<\/div>\n\t\t\t\t<div class=\"elementor-element elementor-element-eae00c5 elementor-widget__width-initial elementor-widget elementor-widget-heading bdevs-el heading\" data-id=\"eae00c5\" data-element_type=\"widget\" data-settings=\"{&quot;design_style&quot;:&quot;style_1&quot;}\" data-widget_type=\"heading.default\">\n\t\t\t\t<div class=\"elementor-widget-container\">\n\t\t\t                            <div class=\"section__title-wrapper bdevs-el-content\">\r\n                                <h2 class=\"section-title bdevs-el-title  bdevs-el-btn section__title\"> <\/h2>                                    <p>\u2022 Participation in the conference \"Strengthening the Science and Research Ecosystem in Albania\"\n<\/p>\r\n                            <\/div>\r\n        \r\n    \r\n        \t\t<\/div>\n\t\t\t\t<\/div>\n\t\t\t\t<div class=\"elementor-element elementor-element-4bc07be elementor-widget__width-initial elementor-widget elementor-widget-heading bdevs-el heading\" data-id=\"4bc07be\" data-element_type=\"widget\" data-settings=\"{&quot;design_style&quot;:&quot;style_1&quot;}\" data-widget_type=\"heading.default\">\n\t\t\t\t<div class=\"elementor-widget-container\">\n\t\t\t                            <div class=\"section__title-wrapper bdevs-el-content\">\r\n                                <h2 class=\"section-title bdevs-el-title  bdevs-el-btn section__title\"> <\/h2>                                    <p>\u2022 Participation in the meeting of Regional Business Developers at the central offices of GFA\nconsulting companies\n<\/p>\r\n                            <\/div>\r\n        \r\n    \r\n        \t\t<\/div>\n\t\t\t\t<\/div>\n\t\t\t\t\t<\/div>\n\t\t\t\t<\/div>\n\t\t\t\t\t<\/div>\n\t\t\t\t<\/div>\n\t\t\t\t<section class=\"elementor-section elementor-top-section elementor-element elementor-element-9e1a160 elementor-section-boxed elementor-section-height-default elementor-section-height-default\" data-id=\"9e1a160\" data-element_type=\"section\">\n\t\t\t\t\t\t<div class=\"elementor-container elementor-column-gap-default\">\n\t\t\t\t\t<div class=\"elementor-column elementor-col-100 elementor-top-column elementor-element elementor-element-30df824\" data-id=\"30df824\" data-element_type=\"column\">\n\t\t\t<div class=\"elementor-widget-wrap elementor-element-populated\">\n\t\t\t\t\t\t<div class=\"elementor-element elementor-element-d93518e elementor-widget elementor-widget-cta bdevs-el cta\" data-id=\"d93518e\" data-element_type=\"widget\" data-settings=\"{&quot;design_style&quot;:&quot;style_2&quot;}\" data-widget_type=\"cta.default\">\n\t\t\t\t<div class=\"elementor-widget-container\">\n\t\t\t\r\n        \r\n\r\n            <section class=\"cta__area\">\r\n                <div class=\"container\">\r\n                <div class=\"cta__inner cta__inner-2 blue-bg fix\">\r\n                                        <div class=\"cta__shape\">\r\n                        <img decoding=\"async\" src=\"https:\/\/igp.al\/wp-content\/uploads\/2024\/04\/rrethi.png\" alt=\"img\">\r\n                    <\/div>\r\n                                        <div class=\"row align-items-center\">\r\n                        <div class=\"col-xxl-7 col-xl-7 col-lg-7 col-md-6\">\r\n                            <div class=\"cta__content bdevs-el-content\">\r\n                                <h3 class=\"cta__title bdevs-el-title\">Interested in Collaborating with Us? <\/h3>                            <\/div>\r\n                        <\/div>\r\n                        <div class=\"col-xxl-5 col-xl-5 col-lg-5 col-md-6\">\r\n                            <div class=\"cta__apps d-lg-flex justify-content-end p-relative z-index-1\">\r\n                                <!-- Button one  -->\r\n                                                                    <a class=\"mr-10  bdevs-el-btn\" href=\"https:\/\/igp.al\/en\/kontakt\/\">Contact<\/a>                                \r\n                                <!-- Button 2  -->\r\n\r\n                                                            <\/div>\r\n                        <\/div>\r\n                    <\/div>\r\n                <\/div>\r\n                <\/div>\r\n            <\/section>\r\n      \r\n                \t\t<\/div>\n\t\t\t\t<\/div>\n\t\t\t\t\t<\/div>\n\t\t<\/div>\n\t\t\t\t\t<\/div>\n\t\t<\/section>\n\t\t\t\t<\/div>","protected":false},"excerpt":{"rendered":"<p>Ekonomia Qarkulluese Administratori i kompanis\u00eb sapo ka p\u00ebrfunduar studimin e aktor\u00ebve kryesor n\u00eb fush\u00ebn e ekonomis\u00eb qarkulluese me theks tek mbetjet, si pjes\u00eb e nj\u00eb projekti t\u00eb realizuar nga Univerisiteti i Humboldit n\u00ebp\u00ebrmjet Q\u00ebndr\u00ebs s\u00eb Zhvillimit Rural (SLE), dhe i mb\u00ebshtetur nga Ministria Gjermane e Bashk\u00ebpunimit Ekonomik dhe Zhvillimit dhe Agjencia gjermane GIZ. Ai ka [&hellip;]<\/p>","protected":false},"author":1,"featured_media":0,"parent":0,"menu_order":0,"comment_status":"closed","ping_status":"closed","template":"elementor_header_footer","meta":{"_acf_changed":false,"_monsterinsights_skip_tracking":false,"_monsterinsights_sitenote_active":false,"_monsterinsights_sitenote_note":"","_monsterinsights_sitenote_category":0,"footnotes":""},"acf":[],"aioseo_notices":[],"_links":{"self":[{"href":"https:\/\/igp.al\/en\/wp-json\/wp\/v2\/pages\/1799"}],"collection":[{"href":"https:\/\/igp.al\/en\/wp-json\/wp\/v2\/pages"}],"about":[{"href":"https:\/\/igp.al\/en\/wp-json\/wp\/v2\/types\/page"}],"author":[{"embeddable":true,"href":"https:\/\/igp.al\/en\/wp-json\/wp\/v2\/users\/1"}],"replies":[{"embeddable":true,"href":"https:\/\/igp.al\/en\/wp-json\/wp\/v2\/comments?post=1799"}],"version-history":[{"count":49,"href":"https:\/\/igp.al\/en\/wp-json\/wp\/v2\/pages\/1799\/revisions"}],"predecessor-version":[{"id":4474,"href":"https:\/\/igp.al\/en\/wp-json\/wp\/v2\/pages\/1799\/revisions\/4474"}],"wp:attachment":[{"href":"https:\/\/igp.al\/en\/wp-json\/wp\/v2\/media?parent=1799"}],"curies":[{"name":"wp","href":"https:\/\/api.w.org\/{rel}","templated":true}]}}