{"id":1997,"date":"2021-08-21T08:15:08","date_gmt":"2021-08-21T08:15:08","guid":{"rendered":"https:\/\/www.devsnews.com\/wp\/educal\/?page_id=15"},"modified":"2024-04-23T13:43:22","modified_gmt":"2024-04-23T12:43:22","slug":"kontakt","status":"publish","type":"page","link":"https:\/\/igp.al\/en\/kontakt\/","title":{"rendered":"Contact"},"content":{"rendered":"<div data-elementor-type=\"wp-page\" data-elementor-id=\"1997\" class=\"elementor elementor-1997\">\n\t\t\t\t\t\t<section class=\"elementor-section elementor-top-section elementor-element elementor-element-53ca114 elementor-section-full_width elementor-section-height-default elementor-section-height-default\" data-id=\"53ca114\" data-element_type=\"section\">\n\t\t\t\t\t\t<div class=\"elementor-container elementor-column-gap-no\">\n\t\t\t\t\t<div class=\"elementor-column elementor-col-100 elementor-top-column elementor-element elementor-element-db71462\" data-id=\"db71462\" data-element_type=\"column\">\n\t\t\t<div class=\"elementor-widget-wrap elementor-element-populated\">\n\t\t\t\t\t\t<div class=\"elementor-element elementor-element-2ac2459 elementor-widget elementor-widget-cf7 bdevs-el cf7\" data-id=\"2ac2459\" data-element_type=\"widget\" data-settings=\"{&quot;design_style&quot;:&quot;style_1&quot;}\" data-widget_type=\"cf7.default\">\n\t\t\t\t<div class=\"elementor-widget-container\">\n\t\t\t        \r\n        <section class=\"contact__area\">\r\n            <div class=\"container\">\r\n               <div class=\"row\">\r\n                  <div class=\"col-xxl-7 col-xl-7 col-lg-6\">\r\n                     <div class=\"contact__wrapper\">\r\n                        <div class=\"section__title-wrapper mb-40\">\r\n                                                            <h2 class=\"section__title\">Na Kontaktoni<\/h2>\r\n                                                        \r\n                                                            <p>P\u00ebr \u00e7do pyetje, ju lutemi plot\u00ebsoni formularin m\u00eb posht\u00eb:<\/p>\r\n                            \r\n                        <\/div>\r\n                        <div class=\"contact__form\">\r\n                        \n<div class=\"wpcf7 no-js\" id=\"wpcf7-f350-o1\" lang=\"en-US\" dir=\"ltr\">\n<div class=\"screen-reader-response\"><p role=\"status\" aria-live=\"polite\" aria-atomic=\"true\"><\/p> <ul><\/ul><\/div>\n<form action=\"\/en\/wp-json\/wp\/v2\/pages\/1997#wpcf7-f350-o1\" method=\"post\" class=\"wpcf7-form init bdevs-cf7-form\" aria-label=\"Contact form\" novalidate=\"novalidate\" data-status=\"init\" data-trp-original-action=\"\/en\/wp-json\/wp\/v2\/pages\/1997#wpcf7-f350-o1\">\n<div style=\"display: none;\">\n<input type=\"hidden\" name=\"_wpcf7\" value=\"350\" \/>\n<input type=\"hidden\" name=\"_wpcf7_version\" value=\"5.9.6\" \/>\n<input type=\"hidden\" name=\"_wpcf7_locale\" value=\"en_US\" \/>\n<input type=\"hidden\" name=\"_wpcf7_unit_tag\" value=\"wpcf7-f350-o1\" \/>\n<input type=\"hidden\" name=\"_wpcf7_container_post\" value=\"0\" \/>\n<input type=\"hidden\" name=\"_wpcf7_posted_data_hash\" value=\"\" \/>\n<\/div>\n<div class=\"row\">\n\t<div class=\"col-xxl-6 col-xl-6 col-md-6\">\n\t\t<div class=\"contact__form-input\">\n\t\t\t<p><span class=\"wpcf7-form-control-wrap\" data-name=\"m-name\"><input size=\"40\" maxlength=\"80\" class=\"wpcf7-form-control wpcf7-text\" aria-invalid=\"false\" placeholder=\"Emri\" value=\"\" type=\"text\" name=\"m-name\" \/><\/span>\n\t\t\t<\/p>\n\t\t<\/div>\n\t<\/div>\n\t<div class=\"col-xxl-6 col-xl-6 col-md-6\">\n\t\t<div class=\"contact__form-input\">\n\t\t\t<p><span class=\"wpcf7-form-control-wrap\" data-name=\"m-email\"><input size=\"40\" maxlength=\"80\" class=\"wpcf7-form-control wpcf7-email wpcf7-text wpcf7-validates-as-email\" aria-invalid=\"false\" placeholder=\"Email\" value=\"\" type=\"email\" name=\"m-email\" \/><\/span>\n\t\t\t<\/p>\n\t\t<\/div>\n\t<\/div>\n\t<div class=\"col-xxl-6 col-xl-6 col-md-6\">\n\t\t<div class=\"contact__form-input\">\n\t\t\t<p><span class=\"wpcf7-form-control-wrap\" data-name=\"tel-582\"><input size=\"40\" maxlength=\"80\" class=\"wpcf7-form-control wpcf7-tel wpcf7-validates-as-required wpcf7-text wpcf7-validates-as-tel\" aria-required=\"true\" aria-invalid=\"false\" placeholder=\"Tel\" value=\"\" type=\"tel\" name=\"tel-582\" \/><\/span>\n\t\t\t<\/p>\n\t\t<\/div>\n\t<\/div>\n\t<div class=\"col-xxl-6 col-xl-6 col-md-6\">\n\t\t<div class=\"contact__form-input\">\n\t\t\t<p><span class=\"wpcf7-form-control-wrap\" data-name=\"m-subject\"><input size=\"40\" maxlength=\"80\" class=\"wpcf7-form-control wpcf7-text\" aria-invalid=\"false\" placeholder=\"Subjekt\" value=\"\" type=\"text\" name=\"m-subject\" \/><\/span>\n\t\t\t<\/p>\n\t\t<\/div>\n\t<\/div>\n\t<div class=\"col-xxl-12\">\n\t\t<div class=\"contact__form-input\">\n\t\t\t<p><span class=\"wpcf7-form-control-wrap\" data-name=\"m-textarea\"><textarea cols=\"40\" rows=\"10\" maxlength=\"400\" class=\"wpcf7-form-control wpcf7-textarea\" aria-invalid=\"false\" placeholder=\"Mesazhi\" name=\"m-textarea\"><\/textarea><\/span>\n\t\t\t<\/p>\n\t\t<\/div>\n\t<\/div>\n\t<div class=\"col-xxl-12\">\n\t\t<div class=\"contact__btn\">\n\t\t\t<p><input class=\"wpcf7-form-control wpcf7-submit has-spinner e-btn\" type=\"submit\" value=\"Dergoni Mesazhin\" \/>\n\t\t\t<\/p>\n\t\t<\/div>\n\t<\/div>\n<\/div><div class=\"wpcf7-response-output\" aria-hidden=\"true\"><\/div>\n<input type=\"hidden\" name=\"trp-form-language\" value=\"en\"\/><\/form>\n<\/div>\n                        <\/div>\r\n                     <\/div>\r\n                  <\/div>\r\n                  <div class=\"col-xxl-4 offset-xxl-1 col-xl-4 offset-xl-1 col-lg-5 offset-lg-1\">\r\n                     <div class=\"contact__info white-bg p-relative z-index-1\">\r\n                                                <div class=\"contact__shape\">\r\n                           <img decoding=\"async\" class=\"contact-shape-1\" src=\"https:\/\/igp.al\/wp-content\/themes\/educal\/assets\/img\/contact\/contact-shape-1.png\" alt=\"img\">\r\n                           <img decoding=\"async\" class=\"contact-shape-2\" src=\"https:\/\/igp.al\/wp-content\/themes\/educal\/assets\/img\/contact\/contact-shape-2.png\" alt=\"img\">\r\n                           <img decoding=\"async\" class=\"contact-shape-3\" src=\"https:\/\/igp.al\/wp-content\/themes\/educal\/assets\/img\/contact\/contact-shape-3.png\" alt=\"img\">\r\n                        <\/div>\r\n                        \r\n                        <div class=\"contact__info-inner white-bg\">\r\n                           <ul>\r\n                                                                <li>\r\n                                    <div class=\"contact__info-item d-flex align-items-start mb-35\">\r\n                                                                                <div class=\"contact__info-icon mr-15\">\r\n                                            <svg class=\"map\" viewbox=\"0 0 24 24\">\n   <path class=\"st0\" d=\"M21,10c0,7-9,13-9,13s-9-6-9-13c0-5,4-9,9-9S21,5,21,10z\"\/>\n   <circle class=\"st0\" cx=\"12\" cy=\"10\" r=\"3\"\/>\n<\/svg>                                        <\/div>\r\n                                        \r\n                                        <div class=\"contact__info-text\">\r\n                                                                                            <h4>Zyra<\/h4>\r\n                                            \r\n                                                                                            <p>Rr. Mujo Ulqinaku, Hyrja 1, apt. 10, 1005, Tirana<\/p>\r\n                                                                                    <\/div>\r\n                                    <\/div>\r\n                                <\/li>\r\n                                                                <li>\r\n                                    <div class=\"contact__info-item d-flex align-items-start mb-35\">\r\n                                                                                <div class=\"contact__info-icon mr-15\">\r\n                                            <svg class=\"mail\" viewbox=\"0 0 24 24\">\n   <path class=\"st0\" d=\"M4,4h16c1.1,0,2,0.9,2,2v12c0,1.1-0.9,2-2,2H4c-1.1,0-2-0.9-2-2V6C2,4.9,2.9,4,4,4z\"\/>\n   <polyline class=\"st0\" points=\"22,6 12,13 2,6 \"\/>\n<\/svg>                                        <\/div>\r\n                                        \r\n                                        <div class=\"contact__info-text\">\r\n                                                                                            <h4>Email<\/h4>\r\n                                            \r\n                                                                                            <p>\n<a href=\"mailto:info@igp.al\">info@igp.al<\/a>\n<\/p>\r\n                                                                                    <\/div>\r\n                                    <\/div>\r\n                                <\/li>\r\n                                                                <li>\r\n                                    <div class=\"contact__info-item d-flex align-items-start mb-35\">\r\n                                                                                <div class=\"contact__info-icon mr-15\">\r\n                                                                                   <svg class=\"call\" viewbox=\"0 0 24 24\">\n                                          <path class=\"st0\" d=\"M22,16.9v3c0,1.1-0.9,2-2,2c-0.1,0-0.1,0-0.2,0c-3.1-0.3-6-1.4-8.6-3.1c-2.4-1.5-4.5-3.6-6-6  c-1.7-2.6-2.7-5.6-3.1-8.7C2,3.1,2.8,2.1,3.9,2C4,2,4.1,2,4.1,2h3c1,0,1.9,0.7,2,1.7c0.1,1,0.4,1.9,0.7,2.8c0.3,0.7,0.1,1.6-0.4,2.1  L8.1,9.9c1.4,2.5,3.5,4.6,6,6l1.3-1.3c0.6-0.5,1.4-0.7,2.1-0.4c0.9,0.3,1.8,0.6,2.8,0.7C21.3,15,22,15.9,22,16.9z\"\/>\n                                       <\/svg>                                        <\/div>\r\n                                        \r\n                                        <div class=\"contact__info-text\">\r\n                                                                                            <h4>Phone<\/h4>\r\n                                            \r\n                                                                                            <p><a href=\"tel:355682080733\">+ 355 68 20 80733<\/a> <br>\n\n<\/p>\r\n                                                                                    <\/div>\r\n                                    <\/div>\r\n                                <\/li>\r\n                                                           <\/ul>\r\n\r\n                                                      <div class=\"contact__social pl-30\"> \r\n                                                              <h4>Social Title<\/h4>\r\n                              \r\n                              <ul>\r\n                                \r\n                                  \r\n\r\n                                  \r\n\r\n                                                                <li>    \r\n                                    <a class=\"fb\" href=\"#\">\r\n                                        <i class=\"fab fa-facebook-f\"><\/i>\r\n                                    <\/a>\r\n                                <\/li>\r\n                                \r\n                                \r\n                                \r\n                                                                <li>    \r\n                                    <a href=\"#\">\r\n                                        <i class=\"fab fa-linkedin-in\"><\/i>\r\n                                    <\/a>\r\n                                <\/li>\r\n                                \r\n                                \r\n                                \r\n                                \r\n                                \r\n                                \r\n                                \r\n                                \r\n                                                            <\/ul>\r\n                           <\/div>\r\n                                                    <\/div>\r\n                     <\/div>\r\n                  <\/div>\r\n               <\/div>\r\n            <\/div>\r\n        <\/section>\r\n\r\n    \r\n\r\n        \t\t<\/div>\n\t\t\t\t<\/div>\n\t\t\t\t\t<\/div>\n\t\t<\/div>\n\t\t\t\t\t<\/div>\n\t\t<\/section>\n\t\t<div class=\"elementor-element elementor-element-e234ab7 e-con-full e-flex e-con e-parent\" data-id=\"e234ab7\" data-element_type=\"container\">\n\t\t\t\t<div class=\"elementor-element elementor-element-a789d87 elementor-widget elementor-widget-html\" data-id=\"a789d87\" data-element_type=\"widget\" data-widget_type=\"html.default\">\n\t\t\t\t<div class=\"elementor-widget-container\">\n\t\t\t<iframe src=\"https:\/\/www.google.com\/maps\/embed?pb=!1m18!1m12!1m3!1d2996.196112672163!2d19.807084912630287!3d41.32634869965787!2m3!1f0!2f0!3f0!3m2!1i1024!2i768!4f13.1!3m3!1m2!1s0x13503106fc752bdd%3A0x9bb52de1483d4f7e!2sRruga%20Mujo%20Ulqinaku%2C%20Tiran%C3%AB%2C%20Albania!5e0!3m2!1sen!2s!4v1713119232398!5m2!1sen!2s\" width=\"800\" height=\"600\" style=\"border:0;\" allowfullscreen=\"\" loading=\"lazy\" referrerpolicy=\"no-referrer-when-downgrade\"><\/iframe>\t\t<\/div>\n\t\t\t\t<\/div>\n\t\t\t\t<\/div>\n\t\t\t\t<\/div>","protected":false},"excerpt":{"rendered":"<p>Na Kontaktoni P\u00ebr \u00e7do pyetje, ju lutemi plot\u00ebsoni formularin m\u00eb posht\u00eb: Zyra Rr. Mujo Ulqinaku, Hyrja 1, apt. 10, 1005, Tirana Email info@igp.al Phone + 355 68 20 80733 Social Title \u00a0 \u00a0<\/p>","protected":false},"author":1,"featured_media":0,"parent":0,"menu_order":0,"comment_status":"closed","ping_status":"closed","template":"elementor_header_footer","meta":{"_acf_changed":false,"_monsterinsights_skip_tracking":false,"_monsterinsights_sitenote_active":false,"_monsterinsights_sitenote_note":"","_monsterinsights_sitenote_category":0,"footnotes":""},"acf":[],"aioseo_notices":[],"_links":{"self":[{"href":"https:\/\/igp.al\/en\/wp-json\/wp\/v2\/pages\/1997"}],"collection":[{"href":"https:\/\/igp.al\/en\/wp-json\/wp\/v2\/pages"}],"about":[{"href":"https:\/\/igp.al\/en\/wp-json\/wp\/v2\/types\/page"}],"author":[{"embeddable":true,"href":"https:\/\/igp.al\/en\/wp-json\/wp\/v2\/users\/1"}],"replies":[{"embeddable":true,"href":"https:\/\/igp.al\/en\/wp-json\/wp\/v2\/comments?post=1997"}],"version-history":[{"count":13,"href":"https:\/\/igp.al\/en\/wp-json\/wp\/v2\/pages\/1997\/revisions"}],"predecessor-version":[{"id":3325,"href":"https:\/\/igp.al\/en\/wp-json\/wp\/v2\/pages\/1997\/revisions\/3325"}],"wp:attachment":[{"href":"https:\/\/igp.al\/en\/wp-json\/wp\/v2\/media?parent=1997"}],"curies":[{"name":"wp","href":"https:\/\/api.w.org\/{rel}","templated":true}]}}